{"id":73,"date":"2022-09-21T14:02:57","date_gmt":"2022-09-21T11:02:57","guid":{"rendered":"https:\/\/kulturhusetkarelia.nfsite.com\/?page_id=73"},"modified":"2026-02-05T12:30:35","modified_gmt":"2026-02-05T10:30:35","slug":"barnkultur","status":"publish","type":"page","link":"https:\/\/kulturhusetkarelia.fi\/fi\/barnkultur\/","title":{"rendered":"Lastenkulttuuri"},"content":{"rendered":"<p>P\u00e5 Karelia ordnas program f\u00f6r barn och unga. Med fokus p\u00e5 sitt strategiska utvecklingsm\u00e5l <em>Lis\u00e4\u00e4 tilaa lastenkulttuurille<\/em> f\u00f6r \u00e5ren 2024\u20132025, utvidgade Karelia sitt utbud av barnkultur genom olika delprojekt. Du kan l\u00e4sa mer om projektet nedan.<\/p>\n\n\n\n<p><a href=\"https:\/\/kulturhusetkarelia.fi\/fi\/evenemang\/\">T\u00e4\u00e4lt\u00e4<\/a> l\u00f6yd\u00e4t ajankohtaiset tapahtumamme lapsille ja lapsiperheille vapaa-ajalla. <\/p>\n\n\n\n<p>Tarjolla on my\u00f6s harrastustoimintaa ja taiteen perusopetusta. Teatterikoulu Konfetti\u00e4 j\u00e4rjest\u00e4\u00e4 Raaseporin kansalaisopisto, ja opetusta pidet\u00e4\u00e4n kulttuuritalon tiloissa.<\/p>\n\n\n\n<div class=\"wp-block-group\" style=\"padding-top:var(--wp--preset--spacing--60);padding-right:0;padding-bottom:var(--wp--preset--spacing--60);padding-left:0\"><div class=\"wp-block-group__inner-container is-layout-constrained wp-container-core-group-is-layout-844d9a1f wp-block-group-is-layout-constrained\">\n<hr class=\"wp-block-separator has-alpha-channel-opacity tw-mb-1 is-style-default\"\/>\n\n\n\n<hr class=\"wp-block-separator has-alpha-channel-opacity tw-mb-1 tw-mt-1 is-style-default\"\/>\n\n\n\n<hr class=\"wp-block-separator has-alpha-channel-opacity is-style-default\"\/>\n<\/div><\/div>\n\n\n\n<div class=\"wp-block-group alignfull\"><div class=\"wp-block-group__inner-container is-layout-constrained wp-block-group-is-layout-constrained\">\n<div class=\"wp-block-query alignwide is-layout-constrained wp-block-query-is-layout-constrained\"><ul class=\"alignwide wp-block-post-template is-layout-flow wp-container-core-post-template-is-layout-3ee800f6 wp-block-post-template-is-layout-flow\"><li class=\"wp-block-post post-15207 page type-page status-publish has-post-thumbnail hentry entry\">\n\n<div class=\"wp-block-columns alignwide is-layout-flex wp-container-core-columns-is-layout-28f84493 wp-block-columns-is-layout-flex\">\n<div class=\"wp-block-column is-layout-flow wp-block-column-is-layout-flow\" style=\"--col-width:33.33%;flex-basis:33.33%\"><figure class=\"tw-img-ratio-1-1 is-style-default wp-block-post-featured-image\"><a href=\"https:\/\/kulturhusetkarelia.fi\/fi\/barnkultur\/barnkultur-tar-plats\/\" target=\"_self\"  ><img loading=\"lazy\" decoding=\"async\" width=\"1568\" height=\"882\" src=\"https:\/\/kulturhusetkarelia.fi\/wp-content\/uploads\/2024\/03\/Barnrattsveckan-2-2023-edited-1568x882.webp\" class=\"attachment-post-thumbnail size-post-thumbnail not-transparent wp-post-image\" alt=\"Barnkultur tar plats\" style=\"width:100%;height:56.25%;max-width:2560px;--dominant-color: #654b35;object-fit:cover;\" srcset=\"https:\/\/kulturhusetkarelia.fi\/wp-content\/uploads\/2024\/03\/Barnrattsveckan-2-2023-edited-1568x882.webp 1568w, https:\/\/kulturhusetkarelia.fi\/wp-content\/uploads\/2024\/03\/Barnrattsveckan-2-2023-edited-300x169.webp 300w, https:\/\/kulturhusetkarelia.fi\/wp-content\/uploads\/2024\/03\/Barnrattsveckan-2-2023-edited-1024x576.webp 1024w, https:\/\/kulturhusetkarelia.fi\/wp-content\/uploads\/2024\/03\/Barnrattsveckan-2-2023-edited-768x432.webp 768w, https:\/\/kulturhusetkarelia.fi\/wp-content\/uploads\/2024\/03\/Barnrattsveckan-2-2023-edited-1536x864.webp 1536w, https:\/\/kulturhusetkarelia.fi\/wp-content\/uploads\/2024\/03\/Barnrattsveckan-2-2023-edited-2048x1152.webp 2048w, https:\/\/kulturhusetkarelia.fi\/wp-content\/uploads\/2024\/03\/Barnrattsveckan-2-2023-edited-18x10.webp 18w\" sizes=\"auto, (max-width: 1568px) 100vw, 1568px\" data-has-transparency=\"false\" data-dominant-color=\"654b35\" \/><\/a><\/figure><\/div>\n\n\n\n<div class=\"wp-block-column is-vertically-aligned-center is-layout-flow wp-block-column-is-layout-flow\" style=\"--col-width:66.66%;flex-basis:66.66%\"><h2 style=\"margin-bottom:20px;\" class=\"tw-link-hover-underline wp-block-post-title has-x-large-font-size\"><a href=\"https:\/\/kulturhusetkarelia.fi\/fi\/barnkultur\/barnkultur-tar-plats\/\" target=\"_self\" >Lis\u00e4\u00e4 tilaa lastenkulttuurille<\/a><\/h2>\n\n<div style=\"margin-bottom:1.25rem;\" class=\"wp-block-post-excerpt\"><p class=\"wp-block-post-excerpt__excerpt\">Alla har r\u00e4tt till kultur! Karelia arbetade \u00e5ren 2024\u20132025 med f\u00f6reningens strategiska utvecklingsm\u00e5l Barnkultur tar plats. Den egna barnkulturverksamheten utvecklades och konceptualiseras genom tv\u00e5 delprojekt: ett med fokus p\u00e5 barnkultur under fritiden och ett med fokus p\u00e5 kulturfostran&hellip;<\/p><p class=\"wp-block-post-excerpt__more-text\"><a class=\"wp-block-post-excerpt__more-link\" href=\"https:\/\/kulturhusetkarelia.fi\/fi\/barnkultur\/barnkultur-tar-plats\/\">Lue lis\u00e4\u00e4 t\u00e4st\u00e4<\/a><\/p><\/div><\/div>\n<\/div>\n\n\n\n<div style=\"height:2rem\" aria-hidden=\"true\" class=\"wp-block-spacer\"><\/div>\n\n<\/li><li class=\"wp-block-post post-114 page type-page status-publish has-post-thumbnail hentry entry\">\n\n<div class=\"wp-block-columns alignwide is-layout-flex wp-container-core-columns-is-layout-28f84493 wp-block-columns-is-layout-flex\">\n<div class=\"wp-block-column is-layout-flow wp-block-column-is-layout-flow\" style=\"--col-width:33.33%;flex-basis:33.33%\"><figure class=\"tw-img-ratio-1-1 is-style-default wp-block-post-featured-image\"><a href=\"https:\/\/kulturhusetkarelia.fi\/fi\/barnkultur\/teaterskolan-konfetti\/\" target=\"_self\"  ><img loading=\"lazy\" decoding=\"async\" width=\"1568\" height=\"1568\" src=\"https:\/\/kulturhusetkarelia.fi\/wp-content\/uploads\/2022\/09\/konfettibild-4.jpeg\" class=\"attachment-post-thumbnail size-post-thumbnail not-transparent wp-post-image\" alt=\"Teaterskolan\u00a0Konfetti\" style=\"width:100%;height:100%;max-width:1588px;--dominant-color: #3c342c;object-fit:cover;\" srcset=\"https:\/\/kulturhusetkarelia.fi\/wp-content\/uploads\/2022\/09\/konfettibild-4.jpeg 1588w, https:\/\/kulturhusetkarelia.fi\/wp-content\/uploads\/2022\/09\/konfettibild-4-300x300.jpeg 300w, https:\/\/kulturhusetkarelia.fi\/wp-content\/uploads\/2022\/09\/konfettibild-4-1024x1024.jpeg 1024w, https:\/\/kulturhusetkarelia.fi\/wp-content\/uploads\/2022\/09\/konfettibild-4-150x150.jpeg 150w, https:\/\/kulturhusetkarelia.fi\/wp-content\/uploads\/2022\/09\/konfettibild-4-768x768.jpeg 768w, https:\/\/kulturhusetkarelia.fi\/wp-content\/uploads\/2022\/09\/konfettibild-4-1536x1536.jpeg 1536w\" sizes=\"auto, (max-width: 1568px) 100vw, 1568px\" data-has-transparency=\"false\" data-dominant-color=\"3c342c\" \/><\/a><\/figure><\/div>\n\n\n\n<div class=\"wp-block-column is-vertically-aligned-center is-layout-flow wp-block-column-is-layout-flow\" style=\"--col-width:66.66%;flex-basis:66.66%\"><h2 style=\"margin-bottom:20px;\" class=\"tw-link-hover-underline wp-block-post-title has-x-large-font-size\"><a href=\"https:\/\/kulturhusetkarelia.fi\/fi\/barnkultur\/teaterskolan-konfetti\/\" target=\"_self\" >Teatterikoulu Konfetti<\/a><\/h2>\n\n<div style=\"margin-bottom:1.25rem;\" class=\"wp-block-post-excerpt\"><p class=\"wp-block-post-excerpt__excerpt\">Satuja, tarinoita ja leikki\u00e4! Oletko kekseli\u00e4s ja haluat oppia lis\u00e4\u00e4 teatterista ja siit\u00e4, miten esitys syntyy? Haluatko oppia maskeerauksesta, n\u00e4yttelemisest\u00e4, kirjoittamisesta, \u00e4\u00e4nest\u00e4 tai siit\u00e4, miten erilaisia kohtauksia luodaan? Hauskassa\u2026<\/p><p class=\"wp-block-post-excerpt__more-text\"><a class=\"wp-block-post-excerpt__more-link\" href=\"https:\/\/kulturhusetkarelia.fi\/fi\/barnkultur\/teaterskolan-konfetti\/\">Lue lis\u00e4\u00e4 t\u00e4st\u00e4<\/a><\/p><\/div><\/div>\n<\/div>\n\n\n\n<div style=\"height:2rem\" aria-hidden=\"true\" class=\"wp-block-spacer\"><\/div>\n\n<\/li><\/ul><\/div>\n<\/div><\/div>","protected":false},"excerpt":{"rendered":"<p>P\u00e5 Karelia ordnas program f\u00f6r barn och unga. Med fokus p\u00e5 sitt strategiska utvecklingsm\u00e5l Barnkultur tar plats f\u00f6r \u00e5ren 2024\u20132025, utvidgade Karelia sitt utbud av barnkultur genom olika delprojekt. Du kan l\u00e4sa mer om projektet nedan. H\u00e4r ser kan du se v\u00e5ra aktuella evenemang som erbjuds barn och barnfamiljer p\u00e5 fritiden. Hobbyverksamhet och grundl\u00e4ggande konstundervisning&hellip; <a class=\"more-link\" href=\"https:\/\/kulturhusetkarelia.fi\/fi\/barnkultur\/\">Jatka lukemista <span class=\"screen-reader-text\">Lastenkulttuuri<\/span><\/a><\/p>","protected":false},"author":2,"featured_media":0,"parent":0,"menu_order":0,"comment_status":"closed","ping_status":"closed","template":"","meta":{"_themeisle_gutenberg_block_has_review":false,"footnotes":""},"class_list":["post-73","page","type-page","status-publish","hentry","entry"],"yoast_head":"<!-- This site is optimized with the Yoast SEO plugin v24.9 - https:\/\/yoast.com\/wordpress\/plugins\/seo\/ -->\n<title>Barnkultur - Kulturhuset Karelia<\/title>\n<meta name=\"robots\" content=\"index, follow, max-snippet:-1, max-image-preview:large, max-video-preview:-1\" \/>\n<link rel=\"canonical\" href=\"https:\/\/kulturhusetkarelia.fi\/fi\/barnkultur\/\" \/>\n<meta property=\"og:locale\" content=\"fi_FI\" \/>\n<meta property=\"og:type\" content=\"article\" \/>\n<meta property=\"og:title\" content=\"Barnkultur - Kulturhuset Karelia\" \/>\n<meta property=\"og:description\" content=\"P\u00e5 Karelia ordnas program f\u00f6r barn och unga. Med fokus p\u00e5 sitt strategiska utvecklingsm\u00e5l Barnkultur tar plats f\u00f6r \u00e5ren 2024\u20132025, utvidgade Karelia sitt utbud av barnkultur genom olika delprojekt. Du kan l\u00e4sa mer om projektet nedan. H\u00e4r ser kan du se v\u00e5ra aktuella evenemang som erbjuds barn och barnfamiljer p\u00e5 fritiden. Hobbyverksamhet och grundl\u00e4ggande konstundervisning&hellip; Jatka lukemista Barnkultur\" \/>\n<meta property=\"og:url\" content=\"https:\/\/kulturhusetkarelia.fi\/fi\/barnkultur\/\" \/>\n<meta property=\"og:site_name\" content=\"Kulturhuset Karelia\" \/>\n<meta property=\"article:publisher\" content=\"https:\/\/www.facebook.com\/kulturhusetkarelia\/\" \/>\n<meta property=\"article:modified_time\" content=\"2026-02-05T10:30:35+00:00\" \/>\n<meta name=\"twitter:card\" content=\"summary_large_image\" \/>\n<script type=\"application\/ld+json\" class=\"yoast-schema-graph\">{\"@context\":\"https:\/\/schema.org\",\"@graph\":[{\"@type\":\"WebPage\",\"@id\":\"https:\/\/kulturhusetkarelia.fi\/barnkultur\/\",\"url\":\"https:\/\/kulturhusetkarelia.fi\/barnkultur\/\",\"name\":\"Barnkultur - Kulturhuset Karelia\",\"isPartOf\":{\"@id\":\"https:\/\/kulturhusetkarelia.fi\/#website\"},\"datePublished\":\"2022-09-21T11:02:57+00:00\",\"dateModified\":\"2026-02-05T10:30:35+00:00\",\"breadcrumb\":{\"@id\":\"https:\/\/kulturhusetkarelia.fi\/barnkultur\/#breadcrumb\"},\"inLanguage\":\"fi\",\"potentialAction\":[{\"@type\":\"ReadAction\",\"target\":[\"https:\/\/kulturhusetkarelia.fi\/barnkultur\/\"]}]},{\"@type\":\"BreadcrumbList\",\"@id\":\"https:\/\/kulturhusetkarelia.fi\/barnkultur\/#breadcrumb\",\"itemListElement\":[{\"@type\":\"ListItem\",\"position\":1,\"name\":\"Home\",\"item\":\"https:\/\/kulturhusetkarelia.fi\/\"},{\"@type\":\"ListItem\",\"position\":2,\"name\":\"Barnkultur\"}]},{\"@type\":\"WebSite\",\"@id\":\"https:\/\/kulturhusetkarelia.fi\/#website\",\"url\":\"https:\/\/kulturhusetkarelia.fi\/\",\"name\":\"Kulturhuset Karelia\",\"description\":\"\",\"publisher\":{\"@id\":\"https:\/\/kulturhusetkarelia.fi\/#organization\"},\"potentialAction\":[{\"@type\":\"SearchAction\",\"target\":{\"@type\":\"EntryPoint\",\"urlTemplate\":\"https:\/\/kulturhusetkarelia.fi\/?s={search_term_string}\"},\"query-input\":{\"@type\":\"PropertyValueSpecification\",\"valueRequired\":true,\"valueName\":\"search_term_string\"}}],\"inLanguage\":\"fi\"},{\"@type\":\"Organization\",\"@id\":\"https:\/\/kulturhusetkarelia.fi\/#organization\",\"name\":\"Kulturhuset Karelia\",\"url\":\"https:\/\/kulturhusetkarelia.fi\/\",\"logo\":{\"@type\":\"ImageObject\",\"inLanguage\":\"fi\",\"@id\":\"https:\/\/kulturhusetkarelia.fi\/#\/schema\/logo\/image\/\",\"url\":\"https:\/\/kulturhusetkarelia.fi\/wp-content\/uploads\/2023\/01\/Stor-logo-rod.svg\",\"contentUrl\":\"https:\/\/kulturhusetkarelia.fi\/wp-content\/uploads\/2023\/01\/Stor-logo-rod.svg\",\"width\":1,\"height\":1,\"caption\":\"Kulturhuset Karelia\"},\"image\":{\"@id\":\"https:\/\/kulturhusetkarelia.fi\/#\/schema\/logo\/image\/\"},\"sameAs\":[\"https:\/\/www.facebook.com\/kulturhusetkarelia\/\",\"https:\/\/www.instagram.com\/kulturhusetkarelia\/\"]}]}<\/script>\n<!-- \/ Yoast SEO plugin. -->","yoast_head_json":{"title":"Barnkultur - Kulturhuset Karelia","robots":{"index":"index","follow":"follow","max-snippet":"max-snippet:-1","max-image-preview":"max-image-preview:large","max-video-preview":"max-video-preview:-1"},"canonical":"https:\/\/kulturhusetkarelia.fi\/fi\/barnkultur\/","og_locale":"fi_FI","og_type":"article","og_title":"Barnkultur - Kulturhuset Karelia","og_description":"P\u00e5 Karelia ordnas program f\u00f6r barn och unga. Med fokus p\u00e5 sitt strategiska utvecklingsm\u00e5l Barnkultur tar plats f\u00f6r \u00e5ren 2024\u20132025, utvidgade Karelia sitt utbud av barnkultur genom olika delprojekt. Du kan l\u00e4sa mer om projektet nedan. H\u00e4r ser kan du se v\u00e5ra aktuella evenemang som erbjuds barn och barnfamiljer p\u00e5 fritiden. Hobbyverksamhet och grundl\u00e4ggande konstundervisning&hellip; Jatka lukemista Barnkultur","og_url":"https:\/\/kulturhusetkarelia.fi\/fi\/barnkultur\/","og_site_name":"Kulturhuset Karelia","article_publisher":"https:\/\/www.facebook.com\/kulturhusetkarelia\/","article_modified_time":"2026-02-05T10:30:35+00:00","twitter_card":"summary_large_image","schema":{"@context":"https:\/\/schema.org","@graph":[{"@type":"WebPage","@id":"https:\/\/kulturhusetkarelia.fi\/barnkultur\/","url":"https:\/\/kulturhusetkarelia.fi\/barnkultur\/","name":"Barnkultur - Kulturhuset Karelia","isPartOf":{"@id":"https:\/\/kulturhusetkarelia.fi\/#website"},"datePublished":"2022-09-21T11:02:57+00:00","dateModified":"2026-02-05T10:30:35+00:00","breadcrumb":{"@id":"https:\/\/kulturhusetkarelia.fi\/barnkultur\/#breadcrumb"},"inLanguage":"fi","potentialAction":[{"@type":"ReadAction","target":["https:\/\/kulturhusetkarelia.fi\/barnkultur\/"]}]},{"@type":"BreadcrumbList","@id":"https:\/\/kulturhusetkarelia.fi\/barnkultur\/#breadcrumb","itemListElement":[{"@type":"ListItem","position":1,"name":"Home","item":"https:\/\/kulturhusetkarelia.fi\/"},{"@type":"ListItem","position":2,"name":"Barnkultur"}]},{"@type":"WebSite","@id":"https:\/\/kulturhusetkarelia.fi\/#website","url":"https:\/\/kulturhusetkarelia.fi\/","name":"Kulturhuset Karelia","description":"","publisher":{"@id":"https:\/\/kulturhusetkarelia.fi\/#organization"},"potentialAction":[{"@type":"SearchAction","target":{"@type":"EntryPoint","urlTemplate":"https:\/\/kulturhusetkarelia.fi\/?s={search_term_string}"},"query-input":{"@type":"PropertyValueSpecification","valueRequired":true,"valueName":"search_term_string"}}],"inLanguage":"fi"},{"@type":"Organization","@id":"https:\/\/kulturhusetkarelia.fi\/#organization","name":"Kulturhuset Karelia","url":"https:\/\/kulturhusetkarelia.fi\/","logo":{"@type":"ImageObject","inLanguage":"fi","@id":"https:\/\/kulturhusetkarelia.fi\/#\/schema\/logo\/image\/","url":"https:\/\/kulturhusetkarelia.fi\/wp-content\/uploads\/2023\/01\/Stor-logo-rod.svg","contentUrl":"https:\/\/kulturhusetkarelia.fi\/wp-content\/uploads\/2023\/01\/Stor-logo-rod.svg","width":1,"height":1,"caption":"Kulturhuset Karelia"},"image":{"@id":"https:\/\/kulturhusetkarelia.fi\/#\/schema\/logo\/image\/"},"sameAs":["https:\/\/www.facebook.com\/kulturhusetkarelia\/","https:\/\/www.instagram.com\/kulturhusetkarelia\/"]}]}},"jetpack_sharing_enabled":true,"_links":{"self":[{"href":"https:\/\/kulturhusetkarelia.fi\/fi\/wp-json\/wp\/v2\/pages\/73","targetHints":{"allow":["GET"]}}],"collection":[{"href":"https:\/\/kulturhusetkarelia.fi\/fi\/wp-json\/wp\/v2\/pages"}],"about":[{"href":"https:\/\/kulturhusetkarelia.fi\/fi\/wp-json\/wp\/v2\/types\/page"}],"author":[{"embeddable":true,"href":"https:\/\/kulturhusetkarelia.fi\/fi\/wp-json\/wp\/v2\/users\/2"}],"replies":[{"embeddable":true,"href":"https:\/\/kulturhusetkarelia.fi\/fi\/wp-json\/wp\/v2\/comments?post=73"}],"version-history":[{"count":27,"href":"https:\/\/kulturhusetkarelia.fi\/fi\/wp-json\/wp\/v2\/pages\/73\/revisions"}],"predecessor-version":[{"id":17844,"href":"https:\/\/kulturhusetkarelia.fi\/fi\/wp-json\/wp\/v2\/pages\/73\/revisions\/17844"}],"wp:attachment":[{"href":"https:\/\/kulturhusetkarelia.fi\/fi\/wp-json\/wp\/v2\/media?parent=73"}],"curies":[{"name":"wp","href":"https:\/\/api.w.org\/{rel}","templated":true}]}}