{"id":338,"date":"2022-10-18T11:44:39","date_gmt":"2022-10-18T08:44:39","guid":{"rendered":"https:\/\/kulturhusetkarelia.nfsite.com\/?page_id=338"},"modified":"2026-03-15T21:29:10","modified_gmt":"2026-03-15T19:29:10","slug":"medlemskap","status":"publish","type":"page","link":"https:\/\/kulturhusetkarelia.fi\/fi\/medlemskap\/","title":{"rendered":"J\u00e4senyys"},"content":{"rendered":"<div id=\"wp-block-themeisle-blocks-advanced-columns-3daa1795\" class=\"wp-block-themeisle-blocks-advanced-columns has-1-columns has-desktop-equal-layout has-tablet-equal-layout has-mobile-equal-layout has-vertical-unset\"><div class=\"wp-block-themeisle-blocks-advanced-columns-overlay\"><\/div><div class=\"innerblocks-wrap\">\n<div id=\"wp-block-themeisle-blocks-advanced-column-3e007830\" class=\"wp-block-themeisle-blocks-advanced-column\">\n<p>Haluatko liitty\u00e4 yhdistyksemme j\u00e4seneksi? Liity j\u00e4seneksi!<br><br>Karelian j\u00e4senille tarjotaan erikoistarjouksia Kareliassa ja toimitetaan uutiskirje toiminnasta  kaksi-kolme kertaa vuodessa. J\u00e4senen\u00e4 voit osallistua kev\u00e4t- ja syyskokouksiin. J\u00e4senille tarjotaan my\u00f6s mahdollisuus toimia vapaaehtoisty\u00f6ntekij\u00e4n\u00e4 kulttuuritapahtumiemme aikana esimerkiksi baarissa. <br><br><strong>J\u00e4senyys yhdistyksille ja kulttuuritahoille<\/strong> <br>J\u00e4seniksi voivat liitty\u00e4 my\u00f6s yritykset, yhdistykset ja muut j\u00e4rjest\u00f6t. Karelian teht\u00e4v\u00e4 on edist\u00e4\u00e4 ja kehitt\u00e4\u00e4 kaikenlaista n\u00e4ytt\u00e4m\u00f6toimintaa ja ty\u00f6st\u00e4\u00e4 Tammisaaren ja sen l\u00e4hiymp\u00e4rist\u00f6n konsertti- ja teatteritarpeiden tyydytt\u00e4mist\u00e4. Teemme mielell\u00e4mme yhteisty\u00f6t\u00e4 j\u00e4sentemme kanssa ja kehit\u00e4mme yhteisi\u00e4 toimintamalleja oman toimintamme puitteissa. T\u00e4m\u00e4n lis\u00e4ksi j\u00e4senet saavat k\u00e4ytt\u00e4\u00e4 l\u00e4mpi\u00f6t\u00e4 ilmaiseksi ty\u00f6kokouksiin 2-3 kertaa vuodessa, sek\u00e4 alennetun hinnan tilojemme vuokriin. J\u00e4senin\u00e4 olevilla yrityksill\u00e4, yhdistyksill\u00e4 ja muilla yhteis\u00f6ill\u00e4 on mahdollisuus valita edustaja, joka osallistuu kev\u00e4t- ja syyskokouksiin.<br><br><strong>Medlemsavgifter<\/strong><br>20 \u20ac | henkil\u00f6j\u00e4senet<br>50 \u20ac | yhdistykset ja kulttuuritahot<\/p>\n\n\n\n<p><em>Henkil\u00f6j\u00e4senet: T\u00e4yt\u00e4 <a href=\"https:\/\/forms.gle\/cHkivuHQPu3qQX2DA\">t\u00e4m\u00e4n<\/a> lomake <br>Yhdistykset ja kulttuuritahot: t\u00e4yt\u00e4 <a href=\"https:\/\/forms.gle\/9F7wc8WQySpdf8MdA\">t\u00e4m\u00e4n<\/a> lomake <\/em><br><br>Vi bekr\u00e4ftar ditt medlemskap d\u00e4refter med ett e-post. Ett medlemskap kan s\u00e4gas upp skriftligen per e-post. Den som vill st\u00f6da verksamheten p\u00e5 andra s\u00e4tt kan ocks\u00e5 bidra genom partnerskap eller sponsorering.<\/p>\n\n\n\n<div class=\"wp-block-group\" style=\"padding-top:var(--wp--preset--spacing--60);padding-right:0;padding-bottom:var(--wp--preset--spacing--60);padding-left:0\"><div class=\"wp-block-group__inner-container is-layout-constrained wp-container-core-group-is-layout-844d9a1f wp-block-group-is-layout-constrained\">\n<hr class=\"wp-block-separator has-alpha-channel-opacity tw-mb-1 is-style-default\"\/>\n\n\n\n<hr class=\"wp-block-separator has-alpha-channel-opacity tw-mb-1 tw-mt-1 is-style-default\"\/>\n\n\n\n<hr class=\"wp-block-separator has-alpha-channel-opacity is-style-default\"\/>\n<\/div><\/div>\n<\/div>\n<\/div><\/div>\n\n\n\n<p><strong>Kulturarbetarna g\u00f6r kulturhuset levande<\/strong><br>Vi bjuder in alla verksamma inom kulturf\u00e4ltet att bli medlemmar och verka tillsammans med oss! Samverkan mellan fria kulturakt\u00f6rer och kulturinstitutioner st\u00e4rker kulturens roll i regionen, samtidigt som nya m\u00f6jligheter skapas f\u00f6r b\u00e5de publik och kulturarbetare. I Karelias kortvideo m\u00f6ter vi personer som p\u00e5 olika s\u00e4tt bidragit till kulturlivet \u2013 i Raseborg, V\u00e4stnyland och p\u00e5 det fria kulturf\u00e4ltet.<\/p>\n\n\n\n<figure class=\"wp-block-embed is-type-video is-provider-youtube wp-block-embed-youtube wp-embed-aspect-16-9 wp-has-aspect-ratio\"><div class=\"wp-block-embed__wrapper\">\n<iframe loading=\"lazy\" title=\"Bakom kulisserna\" width=\"680\" height=\"383\" src=\"https:\/\/www.youtube.com\/embed\/qyblaWk_0kc?feature=oembed\" frameborder=\"0\" allow=\"accelerometer; autoplay; clipboard-write; encrypted-media; gyroscope; picture-in-picture; web-share\" referrerpolicy=\"strict-origin-when-cross-origin\" allowfullscreen><\/iframe>\n<\/div><\/figure>\n\n\n\n<div style=\"height:5px\" aria-hidden=\"true\" class=\"wp-block-spacer\"><\/div>\n\n\n\n<p>Kortvideon ger en inblick i arbetet bakom kulisserna och lyfter fram delar av de processer som g\u00f6r konst- och kulturupplevelser m\u00f6jliga. Den \u00e4r skapad inom Karelias projekt \u201d<strong>Lis\u00e4\u00e4 tilaa lastenkulttuurille<\/strong>\u201d (2023\u20132025) och lyfter, ut\u00f6ver kulturarbetare med koppling till Raseborg, \u00e4ven olika platser och kulturinstitutioner i V\u00e4stnyland. Projektet uppm\u00e4rksammade olika kulturyrken samt bredden inom barnkulturen och kulturf\u00e4ltet.<\/p>\n\n\n\n<div style=\"height:53px\" aria-hidden=\"true\" class=\"wp-block-spacer\"><\/div>","protected":false},"excerpt":{"rendered":"<p>Kulturarbetarna g\u00f6r kulturhuset levandeVi bjuder in alla verksamma inom kulturf\u00e4ltet att bli medlemmar och verka tillsammans med oss! Samverkan mellan fria kulturakt\u00f6rer och kulturinstitutioner st\u00e4rker kulturens roll i regionen, samtidigt som nya m\u00f6jligheter skapas f\u00f6r b\u00e5de publik och kulturarbetare. I Karelias kortvideo m\u00f6ter vi personer som p\u00e5 olika s\u00e4tt bidragit till kulturlivet \u2013 i Raseborg,&hellip; <a class=\"more-link\" href=\"https:\/\/kulturhusetkarelia.fi\/fi\/medlemskap\/\">Jatka lukemista <span class=\"screen-reader-text\">J\u00e4senyys<\/span><\/a><\/p>","protected":false},"author":2,"featured_media":0,"parent":0,"menu_order":0,"comment_status":"closed","ping_status":"closed","template":"","meta":{"_themeisle_gutenberg_block_has_review":false,"footnotes":""},"class_list":["post-338","page","type-page","status-publish","hentry","entry"],"yoast_head":"<!-- This site is optimized with the Yoast SEO plugin v24.9 - https:\/\/yoast.com\/wordpress\/plugins\/seo\/ -->\n<title>Medlemskap - Kulturhuset Karelia<\/title>\n<meta name=\"robots\" content=\"index, follow, max-snippet:-1, max-image-preview:large, max-video-preview:-1\" \/>\n<link rel=\"canonical\" href=\"https:\/\/kulturhusetkarelia.fi\/fi\/medlemskap\/\" \/>\n<meta property=\"og:locale\" content=\"fi_FI\" \/>\n<meta property=\"og:type\" content=\"article\" \/>\n<meta property=\"og:title\" content=\"Medlemskap - Kulturhuset Karelia\" \/>\n<meta property=\"og:description\" content=\"Kulturarbetarna g\u00f6r kulturhuset levandeVi bjuder in alla verksamma inom kulturf\u00e4ltet att bli medlemmar och verka tillsammans med oss! Samverkan mellan fria kulturakt\u00f6rer och kulturinstitutioner st\u00e4rker kulturens roll i regionen, samtidigt som nya m\u00f6jligheter skapas f\u00f6r b\u00e5de publik och kulturarbetare. I Karelias kortvideo m\u00f6ter vi personer som p\u00e5 olika s\u00e4tt bidragit till kulturlivet \u2013 i Raseborg,&hellip; Jatka lukemista Medlemskap\" \/>\n<meta property=\"og:url\" content=\"https:\/\/kulturhusetkarelia.fi\/fi\/medlemskap\/\" \/>\n<meta property=\"og:site_name\" content=\"Kulturhuset Karelia\" \/>\n<meta property=\"article:publisher\" content=\"https:\/\/www.facebook.com\/kulturhusetkarelia\/\" \/>\n<meta property=\"article:modified_time\" content=\"2026-03-15T19:29:10+00:00\" \/>\n<meta name=\"twitter:card\" content=\"summary_large_image\" \/>\n<meta name=\"twitter:label1\" content=\"Arvioitu lukuaika\" \/>\n\t<meta name=\"twitter:data1\" content=\"4 minuuttia\" \/>\n<script type=\"application\/ld+json\" class=\"yoast-schema-graph\">{\"@context\":\"https:\/\/schema.org\",\"@graph\":[{\"@type\":\"WebPage\",\"@id\":\"https:\/\/kulturhusetkarelia.fi\/medlemskap\/\",\"url\":\"https:\/\/kulturhusetkarelia.fi\/medlemskap\/\",\"name\":\"Medlemskap - Kulturhuset Karelia\",\"isPartOf\":{\"@id\":\"https:\/\/kulturhusetkarelia.fi\/#website\"},\"datePublished\":\"2022-10-18T08:44:39+00:00\",\"dateModified\":\"2026-03-15T19:29:10+00:00\",\"breadcrumb\":{\"@id\":\"https:\/\/kulturhusetkarelia.fi\/medlemskap\/#breadcrumb\"},\"inLanguage\":\"fi\",\"potentialAction\":[{\"@type\":\"ReadAction\",\"target\":[\"https:\/\/kulturhusetkarelia.fi\/medlemskap\/\"]}]},{\"@type\":\"BreadcrumbList\",\"@id\":\"https:\/\/kulturhusetkarelia.fi\/medlemskap\/#breadcrumb\",\"itemListElement\":[{\"@type\":\"ListItem\",\"position\":1,\"name\":\"Home\",\"item\":\"https:\/\/kulturhusetkarelia.fi\/\"},{\"@type\":\"ListItem\",\"position\":2,\"name\":\"Medlemskap\"}]},{\"@type\":\"WebSite\",\"@id\":\"https:\/\/kulturhusetkarelia.fi\/#website\",\"url\":\"https:\/\/kulturhusetkarelia.fi\/\",\"name\":\"Kulturhuset Karelia\",\"description\":\"\",\"publisher\":{\"@id\":\"https:\/\/kulturhusetkarelia.fi\/#organization\"},\"potentialAction\":[{\"@type\":\"SearchAction\",\"target\":{\"@type\":\"EntryPoint\",\"urlTemplate\":\"https:\/\/kulturhusetkarelia.fi\/?s={search_term_string}\"},\"query-input\":{\"@type\":\"PropertyValueSpecification\",\"valueRequired\":true,\"valueName\":\"search_term_string\"}}],\"inLanguage\":\"fi\"},{\"@type\":\"Organization\",\"@id\":\"https:\/\/kulturhusetkarelia.fi\/#organization\",\"name\":\"Kulturhuset Karelia\",\"url\":\"https:\/\/kulturhusetkarelia.fi\/\",\"logo\":{\"@type\":\"ImageObject\",\"inLanguage\":\"fi\",\"@id\":\"https:\/\/kulturhusetkarelia.fi\/#\/schema\/logo\/image\/\",\"url\":\"https:\/\/kulturhusetkarelia.fi\/wp-content\/uploads\/2023\/01\/Stor-logo-rod.svg\",\"contentUrl\":\"https:\/\/kulturhusetkarelia.fi\/wp-content\/uploads\/2023\/01\/Stor-logo-rod.svg\",\"width\":1,\"height\":1,\"caption\":\"Kulturhuset Karelia\"},\"image\":{\"@id\":\"https:\/\/kulturhusetkarelia.fi\/#\/schema\/logo\/image\/\"},\"sameAs\":[\"https:\/\/www.facebook.com\/kulturhusetkarelia\/\",\"https:\/\/www.instagram.com\/kulturhusetkarelia\/\"]}]}<\/script>\n<!-- \/ Yoast SEO plugin. -->","yoast_head_json":{"title":"Medlemskap - Kulturhuset Karelia","robots":{"index":"index","follow":"follow","max-snippet":"max-snippet:-1","max-image-preview":"max-image-preview:large","max-video-preview":"max-video-preview:-1"},"canonical":"https:\/\/kulturhusetkarelia.fi\/fi\/medlemskap\/","og_locale":"fi_FI","og_type":"article","og_title":"Medlemskap - Kulturhuset Karelia","og_description":"Kulturarbetarna g\u00f6r kulturhuset levandeVi bjuder in alla verksamma inom kulturf\u00e4ltet att bli medlemmar och verka tillsammans med oss! Samverkan mellan fria kulturakt\u00f6rer och kulturinstitutioner st\u00e4rker kulturens roll i regionen, samtidigt som nya m\u00f6jligheter skapas f\u00f6r b\u00e5de publik och kulturarbetare. I Karelias kortvideo m\u00f6ter vi personer som p\u00e5 olika s\u00e4tt bidragit till kulturlivet \u2013 i Raseborg,&hellip; Jatka lukemista Medlemskap","og_url":"https:\/\/kulturhusetkarelia.fi\/fi\/medlemskap\/","og_site_name":"Kulturhuset Karelia","article_publisher":"https:\/\/www.facebook.com\/kulturhusetkarelia\/","article_modified_time":"2026-03-15T19:29:10+00:00","twitter_card":"summary_large_image","twitter_misc":{"Arvioitu lukuaika":"4 minuuttia"},"schema":{"@context":"https:\/\/schema.org","@graph":[{"@type":"WebPage","@id":"https:\/\/kulturhusetkarelia.fi\/medlemskap\/","url":"https:\/\/kulturhusetkarelia.fi\/medlemskap\/","name":"Medlemskap - Kulturhuset Karelia","isPartOf":{"@id":"https:\/\/kulturhusetkarelia.fi\/#website"},"datePublished":"2022-10-18T08:44:39+00:00","dateModified":"2026-03-15T19:29:10+00:00","breadcrumb":{"@id":"https:\/\/kulturhusetkarelia.fi\/medlemskap\/#breadcrumb"},"inLanguage":"fi","potentialAction":[{"@type":"ReadAction","target":["https:\/\/kulturhusetkarelia.fi\/medlemskap\/"]}]},{"@type":"BreadcrumbList","@id":"https:\/\/kulturhusetkarelia.fi\/medlemskap\/#breadcrumb","itemListElement":[{"@type":"ListItem","position":1,"name":"Home","item":"https:\/\/kulturhusetkarelia.fi\/"},{"@type":"ListItem","position":2,"name":"Medlemskap"}]},{"@type":"WebSite","@id":"https:\/\/kulturhusetkarelia.fi\/#website","url":"https:\/\/kulturhusetkarelia.fi\/","name":"Kulturhuset Karelia","description":"","publisher":{"@id":"https:\/\/kulturhusetkarelia.fi\/#organization"},"potentialAction":[{"@type":"SearchAction","target":{"@type":"EntryPoint","urlTemplate":"https:\/\/kulturhusetkarelia.fi\/?s={search_term_string}"},"query-input":{"@type":"PropertyValueSpecification","valueRequired":true,"valueName":"search_term_string"}}],"inLanguage":"fi"},{"@type":"Organization","@id":"https:\/\/kulturhusetkarelia.fi\/#organization","name":"Kulturhuset Karelia","url":"https:\/\/kulturhusetkarelia.fi\/","logo":{"@type":"ImageObject","inLanguage":"fi","@id":"https:\/\/kulturhusetkarelia.fi\/#\/schema\/logo\/image\/","url":"https:\/\/kulturhusetkarelia.fi\/wp-content\/uploads\/2023\/01\/Stor-logo-rod.svg","contentUrl":"https:\/\/kulturhusetkarelia.fi\/wp-content\/uploads\/2023\/01\/Stor-logo-rod.svg","width":1,"height":1,"caption":"Kulturhuset Karelia"},"image":{"@id":"https:\/\/kulturhusetkarelia.fi\/#\/schema\/logo\/image\/"},"sameAs":["https:\/\/www.facebook.com\/kulturhusetkarelia\/","https:\/\/www.instagram.com\/kulturhusetkarelia\/"]}]}},"jetpack_sharing_enabled":true,"_links":{"self":[{"href":"https:\/\/kulturhusetkarelia.fi\/fi\/wp-json\/wp\/v2\/pages\/338","targetHints":{"allow":["GET"]}}],"collection":[{"href":"https:\/\/kulturhusetkarelia.fi\/fi\/wp-json\/wp\/v2\/pages"}],"about":[{"href":"https:\/\/kulturhusetkarelia.fi\/fi\/wp-json\/wp\/v2\/types\/page"}],"author":[{"embeddable":true,"href":"https:\/\/kulturhusetkarelia.fi\/fi\/wp-json\/wp\/v2\/users\/2"}],"replies":[{"embeddable":true,"href":"https:\/\/kulturhusetkarelia.fi\/fi\/wp-json\/wp\/v2\/comments?post=338"}],"version-history":[{"count":32,"href":"https:\/\/kulturhusetkarelia.fi\/fi\/wp-json\/wp\/v2\/pages\/338\/revisions"}],"predecessor-version":[{"id":17900,"href":"https:\/\/kulturhusetkarelia.fi\/fi\/wp-json\/wp\/v2\/pages\/338\/revisions\/17900"}],"wp:attachment":[{"href":"https:\/\/kulturhusetkarelia.fi\/fi\/wp-json\/wp\/v2\/media?parent=338"}],"curies":[{"name":"wp","href":"https:\/\/api.w.org\/{rel}","templated":true}]}}